{"id":1577,"date":"2022-03-02T21:05:35","date_gmt":"2022-03-02T20:05:35","guid":{"rendered":"https:\/\/swissflats.com\/?page_id=1577"},"modified":"2022-03-06T09:57:11","modified_gmt":"2022-03-06T08:57:11","slug":"creer-une-societe-en-suisse","status":"publish","type":"page","link":"https:\/\/swissflats.com\/en\/creer-une-societe-en-suisse","title":{"rendered":"Setting up a company in Switzerland"},"content":{"rendered":"<p class=\"has-normal-font-size\">Setting up a company in Switzerland is quick and easy.<\/p>\n\n\n\n<p class=\"has-normal-font-size\">The Swiss law permits to set a company in Switzerland by foreigners even if they don&#8217;t live in Switzerland.A local business partner is needed&nbsp;There are 3 legal forms:<\/p>\n\n\n\n<p class=\"has-normal-font-size\">1- Individuel which means the person is offering his services on his own name. The person should have an address in Switzelrand<\/p>\n\n\n\n<p class=\"has-normal-font-size\">2- S\u00e0rl Soci\u00e9t\u00e9 \u00e0 responsabilit\u00e9 limit\u00e9 is limited responsibilities, one person with an address can create it or a number of persons at lest one of them has and address in Switzerland. The needed capital is 20&#8217;000 Frs.<\/p>\n\n\n\n<p class=\"has-normal-font-size\">3- SA soci\u00e9t\u00e9 anonyme, Any person either in Switzerland or abroad can create it but the Administrator should have an address in Switzerland. The capital needed is 100&#8217;000 Frs but it&#8217;s possible to create the SA company with 50&#8217;000 Frs and the other 50&#8217;000 Frs is liberated.<\/p>\n\n\n\n<p class=\"has-normal-font-size\">Our partner <a href=\"https:\/\/start-com.ch\" target=\"_blank\" rel=\"noreferrer noopener\">Start-com<\/a> has developed the turnkey Business service. He has centralized all the procedures in a single office where you can meet:<\/p>\n\n\n\n<p class=\"has-normal-font-size\">\u2013 the business consultant (choose the appropriate legal form and business model)<\/p>\n\n\n\n<p class=\"has-normal-font-size\">\u2013 the accountant (Keeping clean and transparent accounts)<\/p>\n\n\n\n<p class=\"has-normal-font-size\">\u2013 the tax specialist (optimize tax benefits)<\/p>\n\n\n\n<p class=\"has-normal-font-size\">\u2013 the webmaster (create the virtual showcase)<\/p>\n\n\n\n<p class=\"has-normal-font-size\">\u2013 the marketing consultant (marketing strategy and branding)<\/p>\n\n\n\n<p class=\"has-normal-font-size\">\u2013 the insurance advisor (AVS, LPP, LAA, RC, Suva)<\/p>\n\n\n\n<p class=\"has-normal-font-size\">\u2013 the real estate agent (Find a commercial premises and business address)<\/p>\n\n\n\n<p class=\"has-normal-font-size\">the lawyer (right to work and right to holidays, basic salary)<\/p>\n\n\n\n<p>Contact us:<\/p>\n\n\n<div role=\"form\" class=\"wpcf7\" id=\"wpcf7-f1380-o1\" lang=\"fr-FR\" dir=\"ltr\">\n<div class=\"screen-reader-response\"><\/div>\n<form action=\"\/en\/wp-json\/wp\/v2\/pages\/1577#wpcf7-f1380-o1\" method=\"post\" class=\"wpcf7-form\" novalidate=\"novalidate\">\n<div style=\"display: none;\">\n<input type=\"hidden\" name=\"_wpcf7\" value=\"1380\" \/>\n<input type=\"hidden\" name=\"_wpcf7_version\" value=\"4.9.2\" \/>\n<input type=\"hidden\" name=\"_wpcf7_locale\" value=\"fr_FR\" \/>\n<input type=\"hidden\" name=\"_wpcf7_unit_tag\" value=\"wpcf7-f1380-o1\" \/>\n<input type=\"hidden\" name=\"_wpcf7_container_post\" value=\"0\" \/>\n<\/div>\n<p><label> Your Name (required)<br \/>\n    <span class=\"wpcf7-form-control-wrap your-name\"><input type=\"text\" name=\"your-name\" value=\"\" size=\"40\" class=\"wpcf7-form-control wpcf7-text wpcf7-validates-as-required\" aria-required=\"true\" aria-invalid=\"false\" \/><\/span> <\/label><\/p>\n<p><label> Your Email (required)<br \/>\n    <span class=\"wpcf7-form-control-wrap your-email\"><input type=\"email\" name=\"your-email\" value=\"\" size=\"40\" class=\"wpcf7-form-control wpcf7-text wpcf7-email wpcf7-validates-as-required wpcf7-validates-as-email\" aria-required=\"true\" aria-invalid=\"false\" \/><\/span> <\/label><\/p>\n<p><label> Subject<br \/>\n    <span class=\"wpcf7-form-control-wrap your-subject\"><input type=\"text\" name=\"your-subject\" value=\"\" size=\"40\" class=\"wpcf7-form-control wpcf7-text\" aria-invalid=\"false\" \/><\/span> <\/label><\/p>\n<p><label> Your Message<br \/>\n    <span class=\"wpcf7-form-control-wrap your-message\"><textarea name=\"your-message\" cols=\"40\" rows=\"10\" class=\"wpcf7-form-control wpcf7-textarea\" aria-invalid=\"false\"><\/textarea><\/span> <\/label><\/p>\n<div class=\"wpcf7-form-control-wrap\"><div data-sitekey=\"6LeZz9QZAAAAAMnPowkWNB6EwxJZ-Lhn7-8oXBFE\" class=\"wpcf7-form-control g-recaptcha wpcf7-recaptcha\"><\/div>\n<noscript>\n\t<div style=\"width: 302px; height: 422px;\">\n\t\t<div style=\"width: 302px; height: 422px; position: relative;\">\n\t\t\t<div style=\"width: 302px; height: 422px; position: absolute;\">\n\t\t\t\t<iframe src=\"https:\/\/www.google.com\/recaptcha\/api\/fallback?k=6LeZz9QZAAAAAMnPowkWNB6EwxJZ-Lhn7-8oXBFE\" frameborder=\"0\" scrolling=\"no\" style=\"width: 302px; height:422px; border-style: none;\">\n\t\t\t\t<\/iframe>\n\t\t\t<\/div>\n\t\t\t<div style=\"width: 300px; height: 60px; border-style: none; bottom: 12px; left: 25px; margin: 0px; padding: 0px; right: 25px; background: #f9f9f9; border: 1px solid #c1c1c1; border-radius: 3px;\">\n\t\t\t\t<textarea id=\"g-recaptcha-response\" name=\"g-recaptcha-response\" class=\"g-recaptcha-response\" style=\"width: 250px; height: 40px; border: 1px solid #c1c1c1; margin: 10px 25px; padding: 0px; resize: none;\">\n\t\t\t\t<\/textarea>\n\t\t\t<\/div>\n\t\t<\/div>\n\t<\/div>\n<\/noscript>\n<\/div>\n<p><input type=\"submit\" value=\"Send\" class=\"wpcf7-form-control wpcf7-submit\" \/><\/p>\n<div class=\"wpcf7-response-output wpcf7-display-none\"><\/div><\/form><\/div>\n\n\n\n<p><\/p>\n\n\n\n<p><\/p>\n\n\n\n<p class=\"has-medium-font-size\"><\/p>\n\n\n\n<h2><\/h2>\n\n\n\n\n\n\n\n<p><\/p>\n\n\n\n<p><\/p>","protected":false},"excerpt":{"rendered":"<p>Setting up a company in Switzerland is quick and easy. The Swiss law permits to set a company in Switzerland by foreigners even if they don&#8217;t live in Switzerland.A local business partner is needed&nbsp;There are 3 legal forms: 1- Individuel which means the person is offering his services on his own name. The person should&#8230; <\/p>\n","protected":false},"author":1,"featured_media":671,"parent":0,"menu_order":0,"comment_status":"closed","ping_status":"closed","template":"","meta":[],"_links":{"self":[{"href":"https:\/\/swissflats.com\/en\/wp-json\/wp\/v2\/pages\/1577"}],"collection":[{"href":"https:\/\/swissflats.com\/en\/wp-json\/wp\/v2\/pages"}],"about":[{"href":"https:\/\/swissflats.com\/en\/wp-json\/wp\/v2\/types\/page"}],"author":[{"embeddable":true,"href":"https:\/\/swissflats.com\/en\/wp-json\/wp\/v2\/users\/1"}],"replies":[{"embeddable":true,"href":"https:\/\/swissflats.com\/en\/wp-json\/wp\/v2\/comments?post=1577"}],"version-history":[{"count":45,"href":"https:\/\/swissflats.com\/en\/wp-json\/wp\/v2\/pages\/1577\/revisions"}],"predecessor-version":[{"id":1635,"href":"https:\/\/swissflats.com\/en\/wp-json\/wp\/v2\/pages\/1577\/revisions\/1635"}],"wp:featuredmedia":[{"embeddable":true,"href":"https:\/\/swissflats.com\/en\/wp-json\/wp\/v2\/media\/671"}],"wp:attachment":[{"href":"https:\/\/swissflats.com\/en\/wp-json\/wp\/v2\/media?parent=1577"}],"curies":[{"name":"wp","href":"https:\/\/api.w.org\/{rel}","templated":true}]}}